{"id":490,"date":"2024-10-10T09:53:47","date_gmt":"2024-10-10T09:53:47","guid":{"rendered":"https:\/\/agricultura.azores.gov.pt\/queijos\/?page_id=490"},"modified":"2024-10-15T12:48:13","modified_gmt":"2024-10-15T12:48:13","slug":"marca-acores-de","status":"publish","type":"page","link":"https:\/\/agricultura.azores.gov.pt\/queijos\/de\/marca-acores-de\/","title":{"rendered":"Marca A\u00e7ores DE"},"content":{"rendered":"<p>DE Atrav\u00e9s de uma representa\u00e7\u00e3o gr\u00e1fica, moderna e simples, a nossa marca nasce da pr\u00f3pria natureza dos<br \/>\nA\u00e7ores. Uma vis\u00e3o metaf\u00f3rica e po\u00e9tica transforma as paisagens, objetos, pessoas, sabores e texturas dos<br \/>\nA\u00e7ores numa tipografia ic\u00f3nica que respeita a hist\u00f3ria, as tradi\u00e7\u00f5es e as origens das ilhas e das pessoas.<\/p>\n<p>Assim, desenh\u00e1mos uma marca de dentro para fora: capaz de passar as fronteiras de forma sofisticada e<br \/>\nmoderna, mas tamb\u00e9m de estabelecer uma liga\u00e7\u00e3o emocional com quem c\u00e1 vive. O design minimalista<br \/>\nconfere \u00e0 marca um lado mais atual e contempor\u00e2neo, embora respeite as ra\u00edzes e natureza a\u00e7oriana<br \/>\natrav\u00e9s da textura e da forma como a marca \u00e9 aplicada.<\/p>\n","protected":false},"excerpt":{"rendered":"<p>DE Atrav\u00e9s de uma representa\u00e7\u00e3o gr\u00e1fica, moderna e simples, a nossa marca nasce da pr\u00f3pria natureza dos A\u00e7ores. Uma vis\u00e3o metaf\u00f3rica e po\u00e9tica transforma as paisagens, objetos, pessoas, sabores e texturas dos A\u00e7ores numa tipografia ic\u00f3nica que respeita a hist\u00f3ria, as tradi\u00e7\u00f5es e as origens das ilhas e das pessoas. Assim, desenh\u00e1mos uma marca de [&hellip;]<\/p>\n","protected":false},"author":2,"featured_media":14,"parent":0,"menu_order":0,"comment_status":"closed","ping_status":"closed","template":"page-marca-acores.php","meta":{"_acf_changed":false,"inline_featured_image":false,"footnotes":""},"class_list":["post-490","page","type-page","status-publish","has-post-thumbnail","hentry"],"acf":[],"_links":{"self":[{"href":"https:\/\/agricultura.azores.gov.pt\/queijos\/wp-json\/wp\/v2\/pages\/490","targetHints":{"allow":["GET"]}}],"collection":[{"href":"https:\/\/agricultura.azores.gov.pt\/queijos\/wp-json\/wp\/v2\/pages"}],"about":[{"href":"https:\/\/agricultura.azores.gov.pt\/queijos\/wp-json\/wp\/v2\/types\/page"}],"author":[{"embeddable":true,"href":"https:\/\/agricultura.azores.gov.pt\/queijos\/wp-json\/wp\/v2\/users\/2"}],"replies":[{"embeddable":true,"href":"https:\/\/agricultura.azores.gov.pt\/queijos\/wp-json\/wp\/v2\/comments?post=490"}],"version-history":[{"count":5,"href":"https:\/\/agricultura.azores.gov.pt\/queijos\/wp-json\/wp\/v2\/pages\/490\/revisions"}],"predecessor-version":[{"id":590,"href":"https:\/\/agricultura.azores.gov.pt\/queijos\/wp-json\/wp\/v2\/pages\/490\/revisions\/590"}],"wp:featuredmedia":[{"embeddable":true,"href":"https:\/\/agricultura.azores.gov.pt\/queijos\/wp-json\/wp\/v2\/media\/14"}],"wp:attachment":[{"href":"https:\/\/agricultura.azores.gov.pt\/queijos\/wp-json\/wp\/v2\/media?parent=490"}],"curies":[{"name":"wp","href":"https:\/\/api.w.org\/{rel}","templated":true}]}}