{"id":171,"date":"2024-09-20T11:11:03","date_gmt":"2024-09-20T11:11:03","guid":{"rendered":"https:\/\/agricultura.azores.gov.pt\/queijos\/?page_id=171"},"modified":"2025-10-02T15:07:04","modified_gmt":"2025-10-02T15:07:04","slug":"marca-acores","status":"publish","type":"page","link":"https:\/\/agricultura.azores.gov.pt\/queijos\/marca-acores\/","title":{"rendered":"Marca A\u00e7ores"},"content":{"rendered":"<p>&nbsp;<\/p>\n<p>Desde 2015, a Marca A\u00e7ores n\u00e3o \u00e9 apenas uma ideia, mas uma realidade que tem vindo a colocar os nossos produtos, servi\u00e7os e estabelecimentos no lugar que merecem.<\/p>\n<p>Criada para destacar a nossa terra, a Marca A\u00e7ores \u00e9 sin\u00f3nimo de originalidade, qualidade e um compromisso inabal\u00e1vel com a sustentabilidade e a ecologia. Porque os nossos produtos j\u00e1 s\u00e3o excepcionais! A nossa terra, com uma pegada ecol\u00f3gica \u00fanica, produz bens e servi\u00e7os que se destacam pela sua qualidade e respeito pelo ambiente.<\/p>\n<p>Desde os nossos famosos queijos, aos doces tradicionais, cada produto conta uma hist\u00f3ria de tradi\u00e7\u00e3o e excel\u00eancia.<\/p>\n<p>A Marca A\u00e7ores veio para amplificar essa visibilidade, consolidar o reconhecimento e impulsionar o consumo dos nossos produtos, destacando a excel\u00eancia e a produ\u00e7\u00e3o sustent\u00e1vel que s\u00f3 os A\u00e7ores oferecem.<\/p>\n<p>Mais do que um selo, \u00e9 uma ferramenta de progresso essencial para o crescimento das nossas empresas. Aumenta a competitividade, abre portas a novos mercados e promove a cria\u00e7\u00e3o de emprego e riqueza na nossa regi\u00e3o, sempre com base na genuinidade, no rigor da produ\u00e7\u00e3o a\u00e7oriana e no equil\u00edbrio ambiental.<\/p>\n","protected":false},"excerpt":{"rendered":"<p>&nbsp; Desde 2015, a Marca A\u00e7ores n\u00e3o \u00e9 apenas uma ideia, mas uma realidade que tem vindo a colocar os nossos produtos, servi\u00e7os e estabelecimentos no lugar que merecem. Criada para destacar a nossa terra, a Marca A\u00e7ores \u00e9 sin\u00f3nimo de originalidade, qualidade e um compromisso inabal\u00e1vel com a sustentabilidade e a ecologia. Porque os [&hellip;]<\/p>\n","protected":false},"author":2,"featured_media":14,"parent":0,"menu_order":0,"comment_status":"closed","ping_status":"closed","template":"page-marca-acores.php","meta":{"_acf_changed":false,"inline_featured_image":false,"footnotes":""},"class_list":["post-171","page","type-page","status-publish","has-post-thumbnail","hentry"],"acf":[],"_links":{"self":[{"href":"https:\/\/agricultura.azores.gov.pt\/queijos\/wp-json\/wp\/v2\/pages\/171","targetHints":{"allow":["GET"]}}],"collection":[{"href":"https:\/\/agricultura.azores.gov.pt\/queijos\/wp-json\/wp\/v2\/pages"}],"about":[{"href":"https:\/\/agricultura.azores.gov.pt\/queijos\/wp-json\/wp\/v2\/types\/page"}],"author":[{"embeddable":true,"href":"https:\/\/agricultura.azores.gov.pt\/queijos\/wp-json\/wp\/v2\/users\/2"}],"replies":[{"embeddable":true,"href":"https:\/\/agricultura.azores.gov.pt\/queijos\/wp-json\/wp\/v2\/comments?post=171"}],"version-history":[{"count":30,"href":"https:\/\/agricultura.azores.gov.pt\/queijos\/wp-json\/wp\/v2\/pages\/171\/revisions"}],"predecessor-version":[{"id":808,"href":"https:\/\/agricultura.azores.gov.pt\/queijos\/wp-json\/wp\/v2\/pages\/171\/revisions\/808"}],"wp:featuredmedia":[{"embeddable":true,"href":"https:\/\/agricultura.azores.gov.pt\/queijos\/wp-json\/wp\/v2\/media\/14"}],"wp:attachment":[{"href":"https:\/\/agricultura.azores.gov.pt\/queijos\/wp-json\/wp\/v2\/media?parent=171"}],"curies":[{"name":"wp","href":"https:\/\/api.w.org\/{rel}","templated":true}]}}