{"id":964,"date":"2025-06-26T15:36:51","date_gmt":"2025-06-26T16:36:51","guid":{"rendered":"https:\/\/agricultura.azores.gov.pt\/dsada\/?page_id=964"},"modified":"2025-07-11T15:20:34","modified_gmt":"2025-07-11T16:20:34","slug":"drava","status":"publish","type":"page","link":"https:\/\/agricultura.azores.gov.pt\/dsada\/drava\/","title":{"rendered":"Dire\u00e7\u00e3o Regional de Agricultura, Veterin\u00e1ria e Alimenta\u00e7\u00e3o"},"content":{"rendered":"\n<div class=\"wp-block-group is-layout-constrained wp-block-group-is-layout-constrained\">\n<div class=\"wp-block-group is-layout-constrained wp-block-group-is-layout-constrained\">\n<div class=\"wp-block-group is-layout-constrained wp-block-group-is-layout-constrained\">\n<p>A <strong>Dire\u00e7\u00e3o Regional da Agricultura, Veterin\u00e1ria e Alimenta\u00e7\u00e3o (DRAVA)<\/strong> \u00e9 o organismo do Governo dos A\u00e7ores respons\u00e1vel pela defini\u00e7\u00e3o, coordena\u00e7\u00e3o e execu\u00e7\u00e3o das pol\u00edticas p\u00fablicas nas \u00e1reas da <strong>agricultura<\/strong>, <strong>pecu\u00e1ria<\/strong>, <strong>alimenta\u00e7\u00e3o<\/strong>, <strong>prote\u00e7\u00e3o vegetal<\/strong>, <strong>sanidade animal<\/strong>, <strong>forma\u00e7\u00e3o agrorrural<\/strong>, <strong>investiga\u00e7\u00e3o aplicada<\/strong> e <strong>sustentabilidade do setor agroalimentar<\/strong>.<\/p>\n\n\n\n<p>Com uma a\u00e7\u00e3o pr\u00f3xima dos cidad\u00e3os e dos agentes do setor, a DRAVA atua para garantir um sistema agroalimentar seguro, sustent\u00e1vel, moderno e adaptado \u00e0s realidades de cada ilha.<\/p>\n<\/div>\n<\/div>\n\n\n\n<div class=\"wp-block-uagb-container uagb-block-5f048e3c alignfull uagb-is-root-container\"><div class=\"uagb-container-inner-blocks-wrap\">\n<div class=\"wp-block-uagb-tabs uagb-block-dee13aac uagb-tabs__wrap uagb-tabs__hstyle3-desktop uagb-tabs__vstyle6-tablet uagb-tabs__stack1-mobile\" data-tab-active=\"0\"><ul class=\"uagb-tabs__panel uagb-tabs__align-left\" role=\"tablist\"><li class=\"uagb-tab uagb-tabs__active\" role=\"none\"><a href=\"#uagb-tabs__tab0\" class=\"uagb-tabs-list uagb-tabs__icon-position-left\" data-tab=\"0\" role=\"tab\"><div><strong><strong>A nossa miss\u00e3o<\/strong><\/strong><\/div><\/a><\/li><li class=\"uagb-tab \" role=\"none\"><a href=\"#uagb-tabs__tab1\" class=\"uagb-tabs-list uagb-tabs__icon-position-left\" data-tab=\"1\" role=\"tab\"><div><strong>As nossas principais compet\u00eancias<\/strong><\/div><\/a><\/li><li class=\"uagb-tab \" role=\"none\"><a href=\"#uagb-tabs__tab2\" class=\"uagb-tabs-list uagb-tabs__icon-position-left\" data-tab=\"2\" role=\"tab\"><div><strong>Como nos organizamos<\/strong><\/div><\/a><\/li><\/ul><div class=\"uagb-tabs__body-wrap\">\n<div class=\"wp-block-uagb-tabs-child uagb-tabs__body-container uagb-inner-tab-0\" aria-labelledby=\"uagb-tabs__tab0\">\n<div class=\"wp-block-group is-layout-constrained wp-block-group-is-layout-constrained\">\n<p>A DRAVA tem por miss\u00e3o contribuir ativamente para o desenvolvimento e valoriza\u00e7\u00e3o do setor agr\u00edcola e agroalimentar da Regi\u00e3o Aut\u00f3noma dos A\u00e7ores, assegurando:<\/p>\n\n\n\n<ul class=\"wp-block-list\">\n<li>A seguran\u00e7a alimentar e o bem-estar dos animais;<\/li>\n\n\n\n<li>A prote\u00e7\u00e3o das culturas e da produ\u00e7\u00e3o agr\u00edcola;<\/li>\n\n\n\n<li>A valoriza\u00e7\u00e3o dos produtos regionais;<\/li>\n\n\n\n<li>O apoio t\u00e9cnico e financeiro aos agricultores e produtores;<\/li>\n\n\n\n<li>A promo\u00e7\u00e3o de boas pr\u00e1ticas agr\u00edcolas e sustent\u00e1veis;<\/li>\n\n\n\n<li>O acesso \u00e0 forma\u00e7\u00e3o e \u00e0 inova\u00e7\u00e3o no meio rural.<\/li>\n<\/ul>\n<\/div>\n<\/div>\n\n\n\n<div class=\"wp-block-uagb-tabs-child uagb-tabs__body-container uagb-inner-tab-1\" aria-labelledby=\"uagb-tabs__tab1\">\n<p>Entre as v\u00e1rias \u00e1reas de interven\u00e7\u00e3o, destacamos:<\/p>\n\n\n\n<ul class=\"wp-block-list\">\n<li>Planeamento e execu\u00e7\u00e3o de programas e projetos para o desenvolvimento agr\u00edcola e rural;<\/li>\n\n\n\n<li>Controlo sanit\u00e1rio e fitossanit\u00e1rio de animais, plantas e alimentos;<\/li>\n\n\n\n<li>Fiscaliza\u00e7\u00e3o e aplica\u00e7\u00e3o da legisla\u00e7\u00e3o nas \u00e1reas agr\u00edcola, veterin\u00e1ria e alimentar;<\/li>\n\n\n\n<li>Apoio \u00e0 investiga\u00e7\u00e3o cient\u00edfica, experimenta\u00e7\u00e3o e inova\u00e7\u00e3o no setor prim\u00e1rio;<\/li>\n\n\n\n<li>Gest\u00e3o e atribui\u00e7\u00e3o de apoios financeiros ao abrigo de programas europeus, nacionais e regionais;<\/li>\n\n\n\n<li>Promo\u00e7\u00e3o de pol\u00edticas de conserva\u00e7\u00e3o da biodiversidade e dos recursos gen\u00e9ticos regionais;<\/li>\n\n\n\n<li>Coordena\u00e7\u00e3o da forma\u00e7\u00e3o t\u00e9cnica e profissional de agricultores e t\u00e9cnicos.<\/li>\n<\/ul>\n<\/div>\n\n\n\n<div class=\"wp-block-uagb-tabs-child uagb-tabs__body-container uagb-inner-tab-2\" aria-labelledby=\"uagb-tabs__tab2\">\n<p>A DRAVA integra tr\u00eas unidades principais:<\/p>\n\n\n\n<ul class=\"wp-block-list\">\n<li><strong>Dire\u00e7\u00e3o de Servi\u00e7os de Agricultura e Desenvolvimento Agr\u00e1rio (DSADA):<\/strong> respons\u00e1vel pela prote\u00e7\u00e3o fitossanit\u00e1ria, certifica\u00e7\u00e3o vegetal, promo\u00e7\u00e3o da agricultura sustent\u00e1vel e apoio t\u00e9cnico aos agricultores;<\/li>\n\n\n\n<li><strong>Dire\u00e7\u00e3o de Servi\u00e7os de Veterin\u00e1ria e Alimenta\u00e7\u00e3o (DSVA):<\/strong> dedicada \u00e0 sanidade e bem-estar animal, seguran\u00e7a alimentar e controlo higiossanit\u00e1rio;<\/li>\n\n\n\n<li><strong>Divis\u00e3o Administrativa, Financeira e de Planeamento:<\/strong> assegura a gest\u00e3o interna, planeamento e apoio \u00e0 execu\u00e7\u00e3o das pol\u00edticas p\u00fablicas.<\/li>\n<\/ul>\n\n\n\n<p>Contamos ainda com os <strong>Servi\u00e7os de Desenvolvimento Agr\u00e1rio de Ilha<\/strong>, que asseguram o apoio local e a proximidade com os agricultores em todo o arquip\u00e9lago.<\/p>\n<\/div>\n<\/div><\/div>\n<\/div><\/div>\n\n\n\n<div class=\"wp-block-group is-vertical is-layout-flex wp-container-core-group-is-layout-fe9cc265 wp-block-group-is-layout-flex\">\n<div class=\"wp-block-uagb-container uagb-layout-flex uagb-block-f3865d13 alignfull uagb-is-root-container\"><div class=\"uagb-container-inner-blocks-wrap\">\n<div class=\"wp-block-uagb-container uagb-block-097c755e\">\n<div class=\"wp-block-uagb-image uagb-block-85ea9330 wp-block-uagb-image--layout-default wp-block-uagb-image--effect-static wp-block-uagb-image--align-none\"><figure class=\"wp-block-uagb-image__figure\"><a class=\"\" href=\"https:\/\/agricultura.azores.gov.pt\/dsada\/dsva\" target=\"_blank\" rel=\"noreferrer noopener\"><img decoding=\"async\" srcset=\"https:\/\/agricultura.azores.gov.pt\/dsada\/wp-content\/uploads\/2025\/06\/DSVA-300x103.png ,https:\/\/agricultura.azores.gov.pt\/dsada\/wp-content\/uploads\/2025\/06\/DSVA.png 780w, https:\/\/agricultura.azores.gov.pt\/dsada\/wp-content\/uploads\/2025\/06\/DSVA.png 360w\" sizes=\"auto, (max-width: 480px) 150px\" src=\"https:\/\/agricultura.azores.gov.pt\/dsada\/wp-content\/uploads\/2025\/06\/DSVA-300x103.png\" alt=\"\" class=\"uag-image-1016\" width=\"300\" height=\"103\" title=\"DSVA\" loading=\"lazy\" role=\"img\"\/><\/a><\/figure><\/div>\n<\/div>\n\n\n\n<div class=\"wp-block-uagb-container uagb-block-3b3d0178\">\n<div class=\"wp-block-uagb-image uagb-block-8c186ba6 wp-block-uagb-image--layout-default wp-block-uagb-image--effect-static wp-block-uagb-image--align-none\"><figure class=\"wp-block-uagb-image__figure\"><a class=\"\" href=\"https:\/\/agricultura.azores.gov.pt\/dsada\/inicio\" target=\"\" rel=\"noopener\"><img decoding=\"async\" srcset=\"https:\/\/agricultura.azores.gov.pt\/dsada\/wp-content\/uploads\/2025\/06\/DSADA-1-150x150.png ,https:\/\/agricultura.azores.gov.pt\/dsada\/wp-content\/uploads\/2025\/06\/DSADA-1.png 780w, https:\/\/agricultura.azores.gov.pt\/dsada\/wp-content\/uploads\/2025\/06\/DSADA-1.png 360w\" sizes=\"auto, (max-width: 480px) 150px\" src=\"https:\/\/agricultura.azores.gov.pt\/dsada\/wp-content\/uploads\/2025\/06\/DSADA-1-150x150.png\" alt=\"\" class=\"uag-image-967\" width=\"150\" height=\"150\" title=\"DSADA\" loading=\"lazy\" role=\"img\"\/><\/a><\/figure><\/div>\n<\/div>\n\n\n\n<div class=\"wp-block-uagb-container uagb-block-14701b04\">\n<div class=\"wp-block-uagb-image uagb-block-12243b30 wp-block-uagb-image--layout-default wp-block-uagb-image--effect-static wp-block-uagb-image--align-none\"><figure class=\"wp-block-uagb-image__figure\"><a class=\"\" href=\"https:\/\/portal.azores.gov.pt\/web\/drava\/prr\" target=\"_blank\" rel=\"noreferrer noopener\"><img decoding=\"async\" srcset=\"https:\/\/agricultura.azores.gov.pt\/dsada\/wp-content\/uploads\/2025\/06\/PRR.jpg ,https:\/\/agricultura.azores.gov.pt\/dsada\/wp-content\/uploads\/2025\/06\/PRR.jpg 780w, https:\/\/agricultura.azores.gov.pt\/dsada\/wp-content\/uploads\/2025\/06\/PRR.jpg 360w\" sizes=\"auto, (max-width: 480px) 150px\" src=\"https:\/\/agricultura.azores.gov.pt\/dsada\/wp-content\/uploads\/2025\/06\/PRR.jpg\" alt=\"\" class=\"uag-image-1009\" width=\"212\" height=\"111\" title=\"PRR\" loading=\"lazy\" role=\"img\"\/><\/a><\/figure><\/div>\n<\/div>\n<\/div><\/div>\n<\/div>\n\n\n\n<div class=\"wp-block-group is-layout-constrained wp-block-group-is-layout-constrained\">\n<ul class=\"wp-block-list\">\n<li><\/li>\n<\/ul>\n<\/div>\n<\/div>\n\n\n\n<p><\/p>\n","protected":false},"excerpt":{"rendered":"<p>A Dire\u00e7\u00e3o Regional da Agricultura, Veterin\u00e1ria e Alimenta\u00e7\u00e3o (DRAVA) \u00e9 o organismo do Governo dos A\u00e7ores respons\u00e1vel pela defini\u00e7\u00e3o, coordena\u00e7\u00e3o [&hellip;]<\/p>\n","protected":false},"author":3,"featured_media":0,"parent":0,"menu_order":0,"comment_status":"closed","ping_status":"closed","template":"","meta":{"_acf_changed":false,"_uag_custom_page_level_css":"","site-sidebar-layout":"default","site-content-layout":"","ast-site-content-layout":"default","site-content-style":"default","site-sidebar-style":"default","ast-global-header-display":"","ast-banner-title-visibility":"","ast-main-header-display":"","ast-hfb-above-header-display":"","ast-hfb-below-header-display":"","ast-hfb-mobile-header-display":"","site-post-title":"","ast-breadcrumbs-content":"","ast-featured-img":"","footer-sml-layout":"","ast-disable-related-posts":"","theme-transparent-header-meta":"","adv-header-id-meta":"","stick-header-meta":"","header-above-stick-meta":"","header-main-stick-meta":"","header-below-stick-meta":"","astra-migrate-meta-layouts":"default","ast-page-background-enabled":"default","ast-page-background-meta":{"desktop":{"background-color":"var(--ast-global-color-5)","background-image":"","background-repeat":"repeat","background-position":"center center","background-size":"auto","background-attachment":"scroll","background-type":"","background-media":"","overlay-type":"","overlay-color":"","overlay-opacity":"","overlay-gradient":""},"tablet":{"background-color":"","background-image":"","background-repeat":"repeat","background-position":"center center","background-size":"auto","background-attachment":"scroll","background-type":"","background-media":"","overlay-type":"","overlay-color":"","overlay-opacity":"","overlay-gradient":""},"mobile":{"background-color":"","background-image":"","background-repeat":"repeat","background-position":"center center","background-size":"auto","background-attachment":"scroll","background-type":"","background-media":"","overlay-type":"","overlay-color":"","overlay-opacity":"","overlay-gradient":""}},"ast-content-background-meta":{"desktop":{"background-color":"var(--ast-global-color-4)","background-image":"","background-repeat":"repeat","background-position":"center center","background-size":"auto","background-attachment":"scroll","background-type":"","background-media":"","overlay-type":"","overlay-color":"","overlay-opacity":"","overlay-gradient":""},"tablet":{"background-color":"var(--ast-global-color-4)","background-image":"","background-repeat":"repeat","background-position":"center center","background-size":"auto","background-attachment":"scroll","background-type":"","background-media":"","overlay-type":"","overlay-color":"","overlay-opacity":"","overlay-gradient":""},"mobile":{"background-color":"var(--ast-global-color-4)","background-image":"","background-repeat":"repeat","background-position":"center center","background-size":"auto","background-attachment":"scroll","background-type":"","background-media":"","overlay-type":"","overlay-color":"","overlay-opacity":"","overlay-gradient":""}},"footnotes":""},"class_list":["post-964","page","type-page","status-publish","hentry"],"acf":[],"uagb_featured_image_src":{"full":false,"thumbnail":false,"medium":false,"medium_large":false,"large":false,"1536x1536":false,"2048x2048":false},"uagb_author_info":{"display_name":"Agri","author_link":"https:\/\/agricultura.azores.gov.pt\/dsada\/author\/user_dsada\/"},"uagb_comment_info":0,"uagb_excerpt":"A Dire\u00e7\u00e3o Regional da Agricultura, Veterin\u00e1ria e Alimenta\u00e7\u00e3o (DRAVA) \u00e9 o organismo do Governo dos A\u00e7ores respons\u00e1vel pela defini\u00e7\u00e3o, coordena\u00e7\u00e3o [&hellip;]","_links":{"self":[{"href":"https:\/\/agricultura.azores.gov.pt\/dsada\/wp-json\/wp\/v2\/pages\/964","targetHints":{"allow":["GET"]}}],"collection":[{"href":"https:\/\/agricultura.azores.gov.pt\/dsada\/wp-json\/wp\/v2\/pages"}],"about":[{"href":"https:\/\/agricultura.azores.gov.pt\/dsada\/wp-json\/wp\/v2\/types\/page"}],"author":[{"embeddable":true,"href":"https:\/\/agricultura.azores.gov.pt\/dsada\/wp-json\/wp\/v2\/users\/3"}],"replies":[{"embeddable":true,"href":"https:\/\/agricultura.azores.gov.pt\/dsada\/wp-json\/wp\/v2\/comments?post=964"}],"version-history":[{"count":35,"href":"https:\/\/agricultura.azores.gov.pt\/dsada\/wp-json\/wp\/v2\/pages\/964\/revisions"}],"predecessor-version":[{"id":1106,"href":"https:\/\/agricultura.azores.gov.pt\/dsada\/wp-json\/wp\/v2\/pages\/964\/revisions\/1106"}],"wp:attachment":[{"href":"https:\/\/agricultura.azores.gov.pt\/dsada\/wp-json\/wp\/v2\/media?parent=964"}],"curies":[{"name":"wp","href":"https:\/\/api.w.org\/{rel}","templated":true}]}}