{"id":282,"date":"2025-06-04T10:22:37","date_gmt":"2025-06-04T11:22:37","guid":{"rendered":"https:\/\/agricultura.azores.gov.pt\/dsada\/?page_id=282"},"modified":"2025-09-04T10:33:43","modified_gmt":"2025-09-04T11:33:43","slug":"controlo-integrado-de-roedores","status":"publish","type":"page","link":"https:\/\/agricultura.azores.gov.pt\/dsada\/controlo-integrado-de-roedores\/","title":{"rendered":"Controlo Integrado de Roedores"},"content":{"rendered":"\n<p><\/p>\n\n\n\n<div class=\"wp-block-uagb-container uagb-block-c719331e alignfull uagb-is-root-container\"><div class=\"uagb-container-inner-blocks-wrap\">\n<div class=\"wp-block-uagb-container uagb-block-51e08a74\">\n<div class=\"wp-block-uagb-image uagb-block-026415fe wp-block-uagb-image--layout-default wp-block-uagb-image--effect-static wp-block-uagb-image--align-none\"><figure class=\"wp-block-uagb-image__figure\"><img decoding=\"async\" srcset=\"https:\/\/agricultura.azores.gov.pt\/dsada\/wp-content\/uploads\/2025\/06\/croedores_nobg-150x150.png ,https:\/\/agricultura.azores.gov.pt\/dsada\/wp-content\/uploads\/2025\/06\/croedores_nobg-e1750688816135.png 780w, https:\/\/agricultura.azores.gov.pt\/dsada\/wp-content\/uploads\/2025\/06\/croedores_nobg-e1750688816135.png 360w\" sizes=\"auto, (max-width: 480px) 150px\" src=\"https:\/\/agricultura.azores.gov.pt\/dsada\/wp-content\/uploads\/2025\/06\/croedores_nobg-150x150.png\" alt=\"\" class=\"uag-image-931\" width=\"150\" height=\"150\" title=\"croedores_nobg\" loading=\"lazy\" role=\"img\"\/><\/figure><\/div>\n<\/div>\n\n\n\n<div class=\"wp-block-uagb-container uagb-block-389a079a\">\n<p><strong>Controlo Integrado de Roedores (CIR)<\/strong><br><br>O Controlo Integrado de Roedores \u00e9 uma estrat\u00e9gia sustent\u00e1vel e cont\u00ednua que visa prevenir, monitorizar e controlar popula\u00e7\u00f5es de roedores em zonas rurais e urbanas, com especial incid\u00eancia em explora\u00e7\u00f5es agr\u00edcolas, \u00e1reas de armazenamento e espa\u00e7os p\u00fablicos. Esta abordagem integra medidas preventivas, m\u00e9todos biol\u00f3gicos, f\u00edsicos e, sempre que necess\u00e1rio, qu\u00edmicos, de forma a minimizar riscos para a sa\u00fade humana, animal e ambiental.<\/p>\n<\/div>\n<\/div><\/div>\n\n\n\n<div class=\"wp-block-uagb-container uagb-block-b0db3761 alignwide uagb-is-root-container\">\n<p>Nos A\u00e7ores existem condi\u00e7\u00f5es, naturais e criadas pelo Homem, que favorecem a presen\u00e7a e prolifera\u00e7\u00e3o de tr\u00eas esp\u00e9cies de ratos.<br><br>Estas esp\u00e9cies s\u00e3o respons\u00e1veis pela transmiss\u00e3o de doen\u00e7as, devasta\u00e7\u00e3o de culturas, consumo, destrui\u00e7\u00e3o e conspurca\u00e7\u00e3o de alimentos e destrui\u00e7\u00e3o de equipamentos\/infraestruturas, representando ainda uma amea\u00e7a \u00e0 biodiversidade. Por estes motivos, o controlo desta praga, que \u00e9 da responsabilidade e depende da atua\u00e7\u00e3o de TODOS, \u00e9 de extrema import\u00e2ncia.<br><br>Para se conseguir um controlo efetivo e duradouro destas esp\u00e9cies, \u00e9 necess\u00e1ria a aplica\u00e7\u00e3o de um conjunto de medidas preventivas e corretivas direcionadas n\u00e3o s\u00f3 \u00e0 praga, mas tamb\u00e9m ao meio ambiente que esta se insere. A este tipo de abordagem chamamos de Controlo Integrado de Roedores (CIR).<br><br>A Dire\u00e7\u00e3o de Servi\u00e7os de Agricultura e Desenvolvimento Agr\u00e1rio (DSADA), no \u00e2mbito das suas compet\u00eancias ao n\u00edvel da prote\u00e7\u00e3o das culturas, disponibiliza apoio t\u00e9cnico sobre controlo integrado de roedores, promove e coordena campanhas regulares de distribui\u00e7\u00e3o gratuita de rodenticidas autorizados aos agricultores; realiza a\u00e7\u00f5es de informa\u00e7\u00e3o e sensibiliza\u00e7\u00e3o sobre\u00a0 a mat\u00e9ria, promove a\u00e7\u00f5es de forma\u00e7\u00e3o para operadores e t\u00e9cnicos respons\u00e1veis de controlo de roedores e desenvolve a\u00e7\u00f5es de controlo nas \u00e1reas da sua compet\u00eancia.\u00a0A presente p\u00e1gina consubstancia um trabalho de comunica\u00e7\u00e3o aos agricultores e outros interessados, no sentido de passar conhecimento e informa\u00e7\u00e3o sobre o assunto e assim contribuir para a otimiza\u00e7\u00e3o do controlo desta praga na Regi\u00e3o.<\/p>\n<\/div>\n\n\n\n<div class=\"wp-block-uagb-container uagb-block-76243c32 alignfull uagb-is-root-container\"><div class=\"uagb-container-inner-blocks-wrap\">\n<details class=\"wp-block-details is-layout-flow wp-block-details-is-layout-flow\"><summary><strong><strong><strong>Documentos e Apoio T\u00e9cnico<\/strong><\/strong><\/strong><\/summary>\n<ul class=\"wp-block-list\">\n<li class=\"has-ast-global-color-6-color has-text-color has-link-color wp-elements-7337e40221af1d2a443aebb321de483f\"><a href=\"https:\/\/drive.google.com\/file\/d\/1MnI-M4ZdAnJEYwjBswcAaUXtrXaDWzOR\/view?usp=sharing\">Controlo de Roedores nas Explora\u00e7\u00f5es Agr\u00edcolas e Pecu\u00e1rias | Folheto<\/a><\/li>\n\n\n\n<li class=\"has-black-color has-text-color has-link-color wp-elements-882a48214484381c22664f8544cbc2a0\"><a href=\"https:\/\/drive.google.com\/file\/d\/1TNZPzLDNGU9vlF-fwJfnHsIRurCd56_R\/view?usp=sharing\">Controlo de Roedores &#8211; Respostas Simples a Perguntas Frequentes<\/a><\/li>\n\n\n\n<li class=\"has-black-color has-text-color has-link-color wp-elements-0acb2ab241eac36cce3365ccf307449a\"><a href=\"https:\/\/drive.google.com\/file\/d\/1baIkU3f6LtNwweBL5eeNNniIanXn9F84\/view?usp=sharing\">Controlo de Roedores | Cartaz<\/a><\/li>\n\n\n\n<li class=\"has-black-color has-text-color has-link-color wp-elements-9e0f1495cb1bc54aa77b6c21cefb3d19\"><a href=\"https:\/\/drive.google.com\/file\/d\/1IvpTxn48l3cBCjQo2lHCa6dXdAGp-BA8\/view?usp=sharing\">Brochura Infantil<\/a><\/li>\n\n\n\n<li class=\"has-black-color has-text-color has-link-color wp-elements-5934db83d53e16576fd4ed10cd24a645\"><a href=\"https:\/\/drive.google.com\/file\/d\/1lCon2Bqu6tIl_tIAaf-383hivWMry_F8\/view?usp=sharing\">Livro Infantil &#8211; Um Ratinho Indesejado<\/a><\/li>\n\n\n\n<li class=\"has-black-color has-text-color has-link-color wp-elements-242138223a48bded8686b7f54e2cfd13\"><a href=\"https:\/\/drive.google.com\/file\/d\/1HsCgAG7eS91Q8IHG5YD-Sq6Z-Lorm9st\/view?usp=sharing\">Cartaz Roedores<\/a><\/li>\n\n\n\n<li class=\"has-black-color has-text-color has-link-color wp-elements-0ad6f184875acb21c4e0f434a3aaf31c\"><a href=\"https:\/\/drive.google.com\/file\/d\/1OxPBk9YZ5EyZjKipf9Nb86Z3SBdKOdRO\/view?usp=sharing\">Manual Pr\u00e1tico sobre Controlo Integrado de Roedores<\/a><\/li>\n<\/ul>\n<\/details>\n<\/div><\/div>\n","protected":false},"excerpt":{"rendered":"<p>Controlo Integrado de Roedores (CIR) O Controlo Integrado de Roedores \u00e9 uma estrat\u00e9gia sustent\u00e1vel e cont\u00ednua que visa prevenir, monitorizar [&hellip;]<\/p>\n","protected":false},"author":3,"featured_media":0,"parent":0,"menu_order":0,"comment_status":"closed","ping_status":"closed","template":"","meta":{"_acf_changed":false,"_uag_custom_page_level_css":"","site-sidebar-layout":"default","site-content-layout":"","ast-site-content-layout":"default","site-content-style":"default","site-sidebar-style":"default","ast-global-header-display":"","ast-banner-title-visibility":"","ast-main-header-display":"","ast-hfb-above-header-display":"","ast-hfb-below-header-display":"","ast-hfb-mobile-header-display":"","site-post-title":"disabled","ast-breadcrumbs-content":"","ast-featured-img":"","footer-sml-layout":"","ast-disable-related-posts":"","theme-transparent-header-meta":"","adv-header-id-meta":"","stick-header-meta":"","header-above-stick-meta":"","header-main-stick-meta":"","header-below-stick-meta":"","astra-migrate-meta-layouts":"default","ast-page-background-enabled":"default","ast-page-background-meta":{"desktop":{"background-color":"var(--ast-global-color-5)","background-image":"","background-repeat":"repeat","background-position":"center center","background-size":"auto","background-attachment":"scroll","background-type":"","background-media":"","overlay-type":"","overlay-color":"","overlay-opacity":"","overlay-gradient":""},"tablet":{"background-color":"","background-image":"","background-repeat":"repeat","background-position":"center center","background-size":"auto","background-attachment":"scroll","background-type":"","background-media":"","overlay-type":"","overlay-color":"","overlay-opacity":"","overlay-gradient":""},"mobile":{"background-color":"","background-image":"","background-repeat":"repeat","background-position":"center center","background-size":"auto","background-attachment":"scroll","background-type":"","background-media":"","overlay-type":"","overlay-color":"","overlay-opacity":"","overlay-gradient":""}},"ast-content-background-meta":{"desktop":{"background-color":"var(--ast-global-color-4)","background-image":"","background-repeat":"repeat","background-position":"center center","background-size":"auto","background-attachment":"scroll","background-type":"","background-media":"","overlay-type":"","overlay-color":"","overlay-opacity":"","overlay-gradient":""},"tablet":{"background-color":"var(--ast-global-color-4)","background-image":"","background-repeat":"repeat","background-position":"center center","background-size":"auto","background-attachment":"scroll","background-type":"","background-media":"","overlay-type":"","overlay-color":"","overlay-opacity":"","overlay-gradient":""},"mobile":{"background-color":"var(--ast-global-color-4)","background-image":"","background-repeat":"repeat","background-position":"center center","background-size":"auto","background-attachment":"scroll","background-type":"","background-media":"","overlay-type":"","overlay-color":"","overlay-opacity":"","overlay-gradient":""}},"footnotes":""},"class_list":["post-282","page","type-page","status-publish","hentry"],"acf":[],"uagb_featured_image_src":{"full":false,"thumbnail":false,"medium":false,"medium_large":false,"large":false,"1536x1536":false,"2048x2048":false},"uagb_author_info":{"display_name":"Agri","author_link":"https:\/\/agricultura.azores.gov.pt\/dsada\/author\/user_dsada\/"},"uagb_comment_info":0,"uagb_excerpt":"Controlo Integrado de Roedores (CIR) O Controlo Integrado de Roedores \u00e9 uma estrat\u00e9gia sustent\u00e1vel e cont\u00ednua que visa prevenir, monitorizar [&hellip;]","_links":{"self":[{"href":"https:\/\/agricultura.azores.gov.pt\/dsada\/wp-json\/wp\/v2\/pages\/282","targetHints":{"allow":["GET"]}}],"collection":[{"href":"https:\/\/agricultura.azores.gov.pt\/dsada\/wp-json\/wp\/v2\/pages"}],"about":[{"href":"https:\/\/agricultura.azores.gov.pt\/dsada\/wp-json\/wp\/v2\/types\/page"}],"author":[{"embeddable":true,"href":"https:\/\/agricultura.azores.gov.pt\/dsada\/wp-json\/wp\/v2\/users\/3"}],"replies":[{"embeddable":true,"href":"https:\/\/agricultura.azores.gov.pt\/dsada\/wp-json\/wp\/v2\/comments?post=282"}],"version-history":[{"count":23,"href":"https:\/\/agricultura.azores.gov.pt\/dsada\/wp-json\/wp\/v2\/pages\/282\/revisions"}],"predecessor-version":[{"id":1112,"href":"https:\/\/agricultura.azores.gov.pt\/dsada\/wp-json\/wp\/v2\/pages\/282\/revisions\/1112"}],"wp:attachment":[{"href":"https:\/\/agricultura.azores.gov.pt\/dsada\/wp-json\/wp\/v2\/media?parent=282"}],"curies":[{"name":"wp","href":"https:\/\/api.w.org\/{rel}","templated":true}]}}