{"id":272,"date":"2025-06-04T10:21:07","date_gmt":"2025-06-04T11:21:07","guid":{"rendered":"https:\/\/agricultura.azores.gov.pt\/dsada\/?page_id=272"},"modified":"2025-06-23T13:08:14","modified_gmt":"2025-06-23T14:08:14","slug":"formacao-profissional","status":"publish","type":"page","link":"https:\/\/agricultura.azores.gov.pt\/dsada\/formacao-profissional\/","title":{"rendered":"Forma\u00e7\u00e3o Profissional"},"content":{"rendered":"\n<p><\/p>\n\n\n\n<div class=\"wp-block-uagb-container uagb-block-067f3608 alignfull uagb-is-root-container\"><div class=\"uagb-container-inner-blocks-wrap\">\n<div class=\"wp-block-uagb-container uagb-block-542c5079\">\n<div class=\"wp-block-uagb-image uagb-block-48cd8298 wp-block-uagb-image--layout-default wp-block-uagb-image--effect-static wp-block-uagb-image--align-none\"><figure class=\"wp-block-uagb-image__figure\"><img decoding=\"async\" srcset=\"https:\/\/agricultura.azores.gov.pt\/dsada\/wp-content\/uploads\/2025\/06\/form_prof_nobg-300x200.png ,https:\/\/agricultura.azores.gov.pt\/dsada\/wp-content\/uploads\/2025\/06\/form_prof_nobg-e1750075119140.png 780w, https:\/\/agricultura.azores.gov.pt\/dsada\/wp-content\/uploads\/2025\/06\/form_prof_nobg-e1750075119140.png 360w\" sizes=\"auto, (max-width: 480px) 150px\" src=\"https:\/\/agricultura.azores.gov.pt\/dsada\/wp-content\/uploads\/2025\/06\/form_prof_nobg-300x200.png\" alt=\"\" class=\"uag-image-511\" width=\"250\" height=\"150\" title=\"form_prof_nobg\" loading=\"lazy\" role=\"img\"\/><\/figure><\/div>\n<\/div>\n\n\n\n<div class=\"wp-block-uagb-container uagb-block-bae941c7\">\n<p>A Forma\u00e7\u00e3o Profissional Agr\u00edcola \u00e9 um pilar estrat\u00e9gico da Dire\u00e7\u00e3o de Servi\u00e7os de Agricultura e Desenvolvimento Agr\u00e1rio (DSADA), promovendo o desenvolvimento de compet\u00eancias t\u00e9cnicas e pr\u00e1ticas nos setores agr\u00edcola, pecu\u00e1rio, florestal e agroalimentar.<br>Com base em princ\u00edpios de sustentabilidade, inova\u00e7\u00e3o e valoriza\u00e7\u00e3o do territ\u00f3rio, os cursos s\u00e3o dirigidos a jovens, ativos do setor e t\u00e9cnicos, refor\u00e7ando a qualifica\u00e7\u00e3o da m\u00e3o de obra e a moderniza\u00e7\u00e3o do mundo rural.<\/p>\n<\/div>\n<\/div><\/div>\n\n\n\n<div class=\"wp-block-uagb-container uagb-block-cfee9125 alignfull uagb-is-root-container\"><div class=\"uagb-container-inner-blocks-wrap\">\n<p><strong>Tipos de Forma\u00e7\u00e3o Dispon\u00edvel<\/strong><\/p>\n\n\n\n<div class=\"wp-block-uagb-tabs uagb-block-14bd67db uagb-tabs__wrap uagb-tabs__hstyle4-desktop uagb-tabs__vstyle6-tablet uagb-tabs__stack1-mobile\" data-tab-active=\"0\"><ul class=\"uagb-tabs__panel uagb-tabs__align-left\" role=\"tablist\"><li class=\"uagb-tab uagb-tabs__active\" role=\"none\"><a href=\"#uagb-tabs__tab0\" class=\"uagb-tabs-list uagb-tabs__icon-position-left\" data-tab=\"0\" role=\"tab\"><div><strong>Forma\u00e7\u00e3o Inicial<\/strong><\/div><\/a><\/li><li class=\"uagb-tab \" role=\"none\"><a href=\"#uagb-tabs__tab1\" class=\"uagb-tabs-list uagb-tabs__icon-position-left\" data-tab=\"1\" role=\"tab\"><div><strong>Forma\u00e7\u00e3o Cont\u00ednua<\/strong><\/div><\/a><\/li><li class=\"uagb-tab \" role=\"none\"><a href=\"#uagb-tabs__tab2\" class=\"uagb-tabs-list uagb-tabs__icon-position-left\" data-tab=\"2\" role=\"tab\"><div><strong>Forma\u00e7\u00e3o Obrigat\u00f3ria<\/strong><\/div><\/a><\/li><\/ul><div class=\"uagb-tabs__body-wrap\">\n<div class=\"wp-block-uagb-tabs-child uagb-tabs__body-container uagb-inner-tab-0\" aria-labelledby=\"uagb-tabs__tab0\">\n<p>Cursos de longa dura\u00e7\u00e3o para jovens e adultos que pretendem iniciar uma atividade agr\u00edcola ou obter certifica\u00e7\u00e3o.<\/p>\n<\/div>\n\n\n\n<div class=\"wp-block-uagb-tabs-child uagb-tabs__body-container uagb-inner-tab-1\" aria-labelledby=\"uagb-tabs__tab1\">\n<p>A\u00e7\u00f5es modulares de atualiza\u00e7\u00e3o t\u00e9cnica, com conte\u00fados adaptados \u00e0s realidades regionais e novas exig\u00eancias legais.<\/p>\n<\/div>\n\n\n\n<div class=\"wp-block-uagb-tabs-child uagb-tabs__body-container uagb-inner-tab-2\" aria-labelledby=\"uagb-tabs__tab2\">\n<p>Cursos obrigat\u00f3rios para o exerc\u00edcio de atividades reguladas, como aplicadores de produtos fitofarmac\u00eauticos ou operadores de equipamentos.<\/p>\n<\/div>\n<\/div><\/div>\n<\/div><\/div>\n\n\n\n<div class=\"wp-block-uagb-container uagb-block-6e58809d alignfull uagb-is-root-container\"><div class=\"uagb-container-inner-blocks-wrap\">\n<p><strong>\u00c1reas Tem\u00e1ticas Priorit\u00e1rias<\/strong><br><br>\u2022Agricultura biol\u00f3gica e sustent\u00e1vel<br>\u2022Produ\u00e7\u00e3o vegetal e animal<br>\u2022Bem-estar animal<br>\u2022Uso sustent\u00e1vel de produtos fitofarmac\u00eauticos<br>\u2022Higiene e seguran\u00e7a na Agricultura<br>\u2022Transforma\u00e7\u00e3o e valoriza\u00e7\u00e3o de produtos locais<br>\u2022Empreendedorismo agr\u00edcola<\/p>\n<\/div><\/div>\n\n\n\n<div class=\"wp-block-uagb-container uagb-block-06d44177 alignfull uagb-is-root-container\"><div class=\"uagb-container-inner-blocks-wrap\">\n<p><strong>Centros de Forma\u00e7\u00e3o<\/strong><br>A forma\u00e7\u00e3o \u00e9 ministrada em articula\u00e7\u00e3o com:<br><strong>Servi\u00e7o de Desenvolvimento Agr\u00e1rio de Ilha<\/strong><\/p>\n<\/div><\/div>\n\n\n\n<div class=\"wp-block-uagb-container uagb-block-da371e41 alignfull uagb-is-root-container\"><div class=\"uagb-container-inner-blocks-wrap\">\n<div class=\"wp-block-uagb-container uagb-block-906133ac\">\n<p><strong>Inscri\u00e7\u00f5es e Calend\u00e1rio<\/strong><br><br>As inscri\u00e7\u00f5es est\u00e3o abertas ao longo do ano para cursos modulares e em per\u00edodos espec\u00edficos para cursos de longa dura\u00e7\u00e3o.<\/p>\n\n\n\n<p><a href=\"https:\/\/agricultura.azores.gov.pt\/dsada\/formacoes\/\">Arquivo de Forma\u00e7\u00f5es<\/a><\/p>\n<\/div>\n\n\n\n<div class=\"wp-block-uagb-container uagb-block-1c98d1c7\">\n<p><strong>Ultimas Forma\u00e7\u00f5es<\/strong><\/p>\n\n\n\n\t\t\t<div class=\"wp-block-uagb-post-grid uagb-post-grid  uagb-post__image-position-top uagb-post__image-enabled uagb-block-7ff59870     uagb-post__items uagb-post__columns-3 is-grid uagb-post__columns-tablet-2 uagb-post__columns-mobile-1 uagb-post__equal-height\" data-total=\"0\" style=\"\">\n\n\t\t\t\t\t\t\t\t\t<p class=\"uagb-post__no-posts\">\n\t\t\t\t\t\tSem Forma\u00e7\u00f5es\t\t\t\t\t<\/p>\n\t\t\t\t\t\t\t\t\t\t<div class=\"uagb-post-pagination-wrap\">\n\t\t\t\t\t\t\t\t\t\t\t<\/div>\n\t\t\t\t\t\t\t\t<\/div>\n\t\t\t<\/div>\n<\/div><\/div>\n","protected":false},"excerpt":{"rendered":"<p>A Forma\u00e7\u00e3o Profissional Agr\u00edcola \u00e9 um pilar estrat\u00e9gico da Dire\u00e7\u00e3o de Servi\u00e7os de Agricultura e Desenvolvimento Agr\u00e1rio (DSADA), promovendo o [&hellip;]<\/p>\n","protected":false},"author":3,"featured_media":0,"parent":0,"menu_order":0,"comment_status":"closed","ping_status":"closed","template":"","meta":{"_acf_changed":false,"_uag_custom_page_level_css":"","site-sidebar-layout":"default","site-content-layout":"","ast-site-content-layout":"","site-content-style":"default","site-sidebar-style":"default","ast-global-header-display":"","ast-banner-title-visibility":"","ast-main-header-display":"","ast-hfb-above-header-display":"","ast-hfb-below-header-display":"","ast-hfb-mobile-header-display":"","site-post-title":"disabled","ast-breadcrumbs-content":"","ast-featured-img":"","footer-sml-layout":"","ast-disable-related-posts":"","theme-transparent-header-meta":"","adv-header-id-meta":"","stick-header-meta":"","header-above-stick-meta":"","header-main-stick-meta":"","header-below-stick-meta":"","astra-migrate-meta-layouts":"default","ast-page-background-enabled":"default","ast-page-background-meta":{"desktop":{"background-color":"var(--ast-global-color-5)","background-image":"","background-repeat":"repeat","background-position":"center center","background-size":"auto","background-attachment":"scroll","background-type":"","background-media":"","overlay-type":"","overlay-color":"","overlay-opacity":"","overlay-gradient":""},"tablet":{"background-color":"","background-image":"","background-repeat":"repeat","background-position":"center center","background-size":"auto","background-attachment":"scroll","background-type":"","background-media":"","overlay-type":"","overlay-color":"","overlay-opacity":"","overlay-gradient":""},"mobile":{"background-color":"","background-image":"","background-repeat":"repeat","background-position":"center center","background-size":"auto","background-attachment":"scroll","background-type":"","background-media":"","overlay-type":"","overlay-color":"","overlay-opacity":"","overlay-gradient":""}},"ast-content-background-meta":{"desktop":{"background-color":"var(--ast-global-color-4)","background-image":"","background-repeat":"repeat","background-position":"center center","background-size":"auto","background-attachment":"scroll","background-type":"","background-media":"","overlay-type":"","overlay-color":"","overlay-opacity":"","overlay-gradient":""},"tablet":{"background-color":"var(--ast-global-color-4)","background-image":"","background-repeat":"repeat","background-position":"center center","background-size":"auto","background-attachment":"scroll","background-type":"","background-media":"","overlay-type":"","overlay-color":"","overlay-opacity":"","overlay-gradient":""},"mobile":{"background-color":"var(--ast-global-color-4)","background-image":"","background-repeat":"repeat","background-position":"center center","background-size":"auto","background-attachment":"scroll","background-type":"","background-media":"","overlay-type":"","overlay-color":"","overlay-opacity":"","overlay-gradient":""}},"footnotes":""},"class_list":["post-272","page","type-page","status-publish","hentry"],"acf":[],"uagb_featured_image_src":{"full":false,"thumbnail":false,"medium":false,"medium_large":false,"large":false,"1536x1536":false,"2048x2048":false},"uagb_author_info":{"display_name":"Agri","author_link":"https:\/\/agricultura.azores.gov.pt\/dsada\/author\/user_dsada\/"},"uagb_comment_info":0,"uagb_excerpt":"A Forma\u00e7\u00e3o Profissional Agr\u00edcola \u00e9 um pilar estrat\u00e9gico da Dire\u00e7\u00e3o de Servi\u00e7os de Agricultura e Desenvolvimento Agr\u00e1rio (DSADA), promovendo o [&hellip;]","_links":{"self":[{"href":"https:\/\/agricultura.azores.gov.pt\/dsada\/wp-json\/wp\/v2\/pages\/272","targetHints":{"allow":["GET"]}}],"collection":[{"href":"https:\/\/agricultura.azores.gov.pt\/dsada\/wp-json\/wp\/v2\/pages"}],"about":[{"href":"https:\/\/agricultura.azores.gov.pt\/dsada\/wp-json\/wp\/v2\/types\/page"}],"author":[{"embeddable":true,"href":"https:\/\/agricultura.azores.gov.pt\/dsada\/wp-json\/wp\/v2\/users\/3"}],"replies":[{"embeddable":true,"href":"https:\/\/agricultura.azores.gov.pt\/dsada\/wp-json\/wp\/v2\/comments?post=272"}],"version-history":[{"count":65,"href":"https:\/\/agricultura.azores.gov.pt\/dsada\/wp-json\/wp\/v2\/pages\/272\/revisions"}],"predecessor-version":[{"id":926,"href":"https:\/\/agricultura.azores.gov.pt\/dsada\/wp-json\/wp\/v2\/pages\/272\/revisions\/926"}],"wp:attachment":[{"href":"https:\/\/agricultura.azores.gov.pt\/dsada\/wp-json\/wp\/v2\/media?parent=272"}],"curies":[{"name":"wp","href":"https:\/\/api.w.org\/{rel}","templated":true}]}}